{"id":44812,"date":"2026-04-23T13:10:53","date_gmt":"2026-04-23T12:10:53","guid":{"rendered":"https:\/\/www.defontemare.com\/prodotto\/lowrance-eagle-9-con-tripleshot-hd\/"},"modified":"2026-04-23T13:10:53","modified_gmt":"2026-04-23T12:10:53","slug":"lowrance-eagle-9-con-tripleshot-hd","status":"publish","type":"product","link":"https:\/\/www.defontemare.com\/en\/prodotto\/lowrance-eagle-9-con-tripleshot-hd\/","title":{"rendered":"LOWRANCE EAGLE 9 CON TRIPLESHOT\u2122 HD"},"content":{"rendered":"<p class=\"ef-titolo4\">Eagle\u00ae \u00e8 stato sviluppato per rendere la pesca il pi\u00f9 semplice e piacevole possibile. Facile da usare e veloce da installare, questo modello \u00e8 dotato di Lowrance CHIRP e DownScan Imaging&amp;TRADE; con tecnologia FishReveal e regolazione automatica per ottenere rapidamente la configurazione ottimale. Un nuovo schermo IPS offre risoluzione e visibilit\u00e0 superiori da qualsiasi angolazione. Questo modello viene fornito precaricato con una mappa di base mondiale con la possibilit\u00e0 di aggiornamento a CMAP\u00ae DISCOVER&amp;TRADE;.<\/p>\n<p class=\"ef-titolo4\">  &nbsp;<\/p>\n<p class=\"ef-titolo4\"><u class=\"ef-titolo3\">Caratteristiche principali<\/u><\/p>\n<p>&nbsp;<\/p>\n<ul>\n<li class=\"ef-titolo4\"><span style=\"font-size:11.5pt\">Trasduttore TripleShot&amp;TRADE; HD<\/span><\/li>\n<li class=\"ef-titolo4\"><span style=\"font-size:11.5pt\"><span style=\"font-size:11.5pt\">Schermo IPS, visualizzabile da tutte le angolazioni, anche con occhiali polarizzatil<\/span><\/span><\/li>\n<\/ul>\n<ul>\n<li class=\"ef-titolo4\"><span style=\"font-size:11.5pt\"><span style=\"font-size:11.5pt\">Nuovo sistema di connettori twist-lock affidabile per una facile installazione in qualsiasi barca o kayak&nbsp;<\/span><\/span><\/li>\n<\/ul>\n<ul>\n<li class=\"ef-titolo4\"><span style=\"font-size:11.5pt\"><span style=\"font-family:;font-size:11.5pt\">Slot per scheda SD per aggiornamenti software, registrazione Genesis Live e componenti aggiuntivi per la creazione di grafici.&nbsp;<\/span><\/span><\/li>\n<\/ul>\n<ul>\n<li class=\"ef-titolo4\"><span style=\"font-size:11.5pt\">Guarda i pesci che si nascondono al riparo con la modalit\u00e0 FishReveal&amp;TRADE;<\/span><\/li>\n<li class=\"ef-titolo4\">Aumenta il contrasto e la visibilit\u00e0 con le nuovissime tavolozze di colori per l&#8217;imaging&nbsp;<\/li>\n<li class=\"ef-titolo4\"><span style=\"font-size:11.5pt\">Periodo di garanzia:<\/span><span style=\"font-size:11.5pt\"> 2 anni<\/span><\/li>\n<\/ul>\n<ul>\n<li class=\"ef-titolo4\"><span style=\"font-size:11.5pt\">Tensione di alimentazione:<\/span><span style=\"font-size:11.5pt\"> 12v DC (10.8-17VDC)<\/span><\/li>\n<\/ul>\n<ul>\n<li class=\"ef-titolo4\"><span style=\"font-size:11.5pt\">Waypoint, rotte, tracce:<\/span><span style=\"font-size:11.5pt\"> 3000 Waypoints 100 Routes 100 Trails<\/span><\/li>\n<li class=\"ef-titolo4\"><span style=\"font-size:11.5pt\"><span style=\"font-size:11.5pt;font-family:\">Temperature operative:<\/span><\/span><span style=\"font-size:11.5pt\"><span style=\"font-size:11.5pt\"> 5\u00b0F to 131\u00b0F (-15\u00b0C to 55\u00b0C )<\/span><\/span><\/li>\n<\/ul>\n<ul>\n<li class=\"ef-titolo4\"><span style=\"font-size:11.5pt\"><span style=\"font-size:11.5pt\">Valore nominale del fusibile consigliato:<\/span><\/span><span style=\"font-size:11.5pt\"><span style=\"font-size:11.5pt\"> 5A<\/span><\/span><\/li>\n<\/ul>\n<ul>\n<li class=\"ef-titolo4\"><span style=\"font-size:11.5pt\"><span style=\"font-size:11.5pt\">Dimensioni (altezza x larghezza x profondit\u00e0)<\/span><\/span><span style=\"font-size:11.5pt\"><span style=\"font-size:11.5pt\">:&nbsp;<span style=\"font-size:11.5pt\"><span style=\"font-size:11.5pt\">10.81&#8243; (274,7 mm) x 6.39&#8243; (162,5 mm) x 4,54&#8243; (90 mm incluso bracket)<\/span><\/span><\/span><\/span><\/li>\n<li class=\"ef-titolo4\"><span style=\"font-size:11.5pt\"><span style=\"font-size:11.5pt\"><span style=\"font-size:12.0pt\">&nbsp;<\/span><\/span><\/span><span style=\"font-size:11.5pt\"><span style=\"font-size:11.5pt\"><span style=\"font-size:12.0pt\">visuale:<\/span><\/span><\/span><span style=\"font-size:11.5pt\"><span style=\"font-size:11.5pt\"><span style=\"font-size:11.5pt\"> 85\u00b0 top\/bottom, 85\u00b0 left\/right &nbsp; &nbsp;<\/span><\/span><\/span><\/li>\n<\/ul>\n<ul>\n<li class=\"ef-titolo4\"><span style=\"font-size:11.5pt\"><span style=\"font-size:11.5pt\"><span style=\"font-size:11.5pt\">Cartografie supportat<\/span><\/span><\/span><span style=\"font-size:11.5pt\"><span style=\"font-size:11.5pt\"><span style=\"font-size:11.5pt\">e: C-MAP Discover, C-MAP Genesis Live<\/span><\/span><\/span><\/li>\n<\/ul>\n<ul>\n<li class=\"ef-titolo4\"><span style=\"font-size:11.5pt\">luzione del display:<\/span><span style=\"font-size:11.5pt\"> 800 x 480<\/span><\/li>\n<\/ul>\n<ul>\n<li class=\"ef-titolo4\"><span style=\"font-size:11.5pt\">Cartografia inclusa:<\/span><span style=\"font-size:11.5pt\"> C-Map World Base Map<\/span><\/li>\n<\/ul>\n<ul>\n<li class=\"ef-titolo4\"><span style=\"font-size:11.5pt\">Correzione:<\/span><span style=\"font-size:11.5pt\"> SBAS<\/span><\/li>\n<\/ul>\n<ul>\n<li class=\"ef-titolo4\"><span style=\"font-size:11.5pt\">Tipo di montaggio<\/span><span style=\"font-size:11.5pt\">: Gimbal Bracket Front Dash Flush Mount<\/span><\/li>\n<\/ul>\n<ul>\n<li class=\"ef-titolo4\"><span style=\"font-size:11.5pt\">Compatibilit\u00e0 sonar:<\/span><span style=\"font-size:11.5pt\"> Integrated: CHIRP Broadband DownScan<\/span><\/li>\n<\/ul>\n<ul>\n<li class=\"ef-titolo4\"><span style=\"font-size:12.0pt\">Profondit\u00e0 massima teorica:<\/span>&nbsp;Chirp 152m., 91m. Downscan 455\/800 kHz, 60m Sidescan 455\/800 kHz<\/li>\n<\/ul>\n<ul>\n<li class=\"ef-titolo4\"><span style=\"font-size:11.5pt\">Livello d&#8217;impermeabilit\u00e0:<\/span><span style=\"font-size:11.5pt\"> IPX7 with card door closed<\/span><\/li>\n<\/ul>\n<ul>\n<li class=\"ef-titolo4\"><span style=\"font-size:11.5pt\">Memoria scheda SD:<\/span><span style=\"font-size:11.5pt\"> Micro SD Card(32 gb Max)<\/span><\/li>\n<\/ul>\n<ul>\n<li class=\"ef-titolo4\"><span style=\"font-size:11.5pt\">Colore retroilluminazione:<\/span><span style=\"font-size:11.5pt\"> Pure White LED<\/span><\/li>\n<li class=\"ef-titolo4\">Tastiera9-way directional keypad, pages, waypoint, exit, enter, zoom, menu, power<\/li>\n<li class=\"ef-titolo4\"><span style=\"font-size:11.5pt\">Lingue: <\/span><span style=\"font-size:11.5pt\">European Language Pack<\/span><\/li>\n<\/ul>\n<p class=\"ef-titolo4\">  &nbsp;<\/p>\n<p class=\"ef-titolo4\">  &nbsp;<\/p>\n<p class=\"ef-titolo4\">  &nbsp;<\/p>\n","protected":false},"excerpt":{"rendered":"<p>Eagle\u00ae \u00e8 stato sviluppato per rendere la pesca il pi\u00f9 semplice e piacevole possibile. Facile da usare e veloce da [&#8230;]<\/p>\n<p><a class=\"btn btn-secondary understrap-read-more-link\" href=\"https:\/\/www.defontemare.com\/en\/prodotto\/lowrance-eagle-9-con-tripleshot-hd\/\">Read More&#8230;<span class=\"screen-reader-text\"> from LOWRANCE EAGLE 9 CON TRIPLESHOT\u2122 HD<\/span><\/a><\/p>\n","protected":false},"featured_media":44823,"comment_status":"open","ping_status":"closed","template":"","meta":{"_acf_changed":false,"_joinchat":[]},"product_brand":[1070],"product_cat":[500,484,501],"product_tag":[],"class_list":{"0":"post-44812","1":"product","2":"type-product","3":"status-publish","4":"has-post-thumbnail","6":"product_brand-lowrance","7":"product_cat-eco-gps","8":"product_cat-elettronica","9":"product_cat-lowrance","11":"first","12":"instock","13":"sale","14":"shipping-taxable","15":"purchasable","16":"product-type-simple"},"acf":[],"_links":{"self":[{"href":"https:\/\/www.defontemare.com\/en\/wp-json\/wp\/v2\/product\/44812","targetHints":{"allow":["GET"]}}],"collection":[{"href":"https:\/\/www.defontemare.com\/en\/wp-json\/wp\/v2\/product"}],"about":[{"href":"https:\/\/www.defontemare.com\/en\/wp-json\/wp\/v2\/types\/product"}],"replies":[{"embeddable":true,"href":"https:\/\/www.defontemare.com\/en\/wp-json\/wp\/v2\/comments?post=44812"}],"wp:featuredmedia":[{"embeddable":true,"href":"https:\/\/www.defontemare.com\/en\/wp-json\/wp\/v2\/media\/44823"}],"wp:attachment":[{"href":"https:\/\/www.defontemare.com\/en\/wp-json\/wp\/v2\/media?parent=44812"}],"wp:term":[{"taxonomy":"product_brand","embeddable":true,"href":"https:\/\/www.defontemare.com\/en\/wp-json\/wp\/v2\/product_brand?post=44812"},{"taxonomy":"product_cat","embeddable":true,"href":"https:\/\/www.defontemare.com\/en\/wp-json\/wp\/v2\/product_cat?post=44812"},{"taxonomy":"product_tag","embeddable":true,"href":"https:\/\/www.defontemare.com\/en\/wp-json\/wp\/v2\/product_tag?post=44812"}],"curies":[{"name":"wp","href":"https:\/\/api.w.org\/{rel}","templated":true}]}}