{"id":44811,"date":"2026-04-23T13:10:52","date_gmt":"2026-04-23T12:10:52","guid":{"rendered":"https:\/\/www.defontemare.com\/prodotto\/lowrance-eagle-7-senza-trasduttore\/"},"modified":"2026-04-23T19:14:44","modified_gmt":"2026-04-23T18:14:44","slug":"lowrance-eagle-7-senza-trasduttore","status":"publish","type":"product","link":"https:\/\/www.defontemare.com\/en\/prodotto\/lowrance-eagle-7-senza-trasduttore\/","title":{"rendered":"LOWRANCE EAGLE 7 SENZA TRASDUTTORE"},"content":{"rendered":"<p class=\"ef-titolo4\">Eagle\u00ae \u00e8 stato sviluppato per rendere la pesca il pi\u00f9 semplice e piacevole possibile. Facile da usare e veloce da installare, questo modello \u00e8 dotato di Lowrance CHIRP e DownScan Imaging&amp;TRADE; con tecnologia FishReveal e regolazione automatica per ottenere rapidamente la configurazione ottimale. Un nuovo schermo IPS offre risoluzione e visibilit\u00e0 superiori da qualsiasi angolazione. Questo modello viene fornito precaricato con una mappa di base mondiale con la possibilit\u00e0 di aggiornamento a CMAP\u00ae DISCOVER&amp;TRADE;.<\/p>\n<p class=\"ef-titolo4\">\n<p class=\"ef-titolo4\"><u class=\"ef-titolo3\">Caratteristiche principali<\/u><\/p>\n<p>&nbsp;<\/p>\n<ul>\n<li class=\"ef-titolo4\"><span style=\"font-size: 11.5pt;\"><span style=\"font-size: 11.5pt;\">Schermo IPS, visualizzabile da tutte le angolazioni, anche con occhiali polarizzatil<\/span><\/span><\/li>\n<\/ul>\n<ul>\n<li class=\"ef-titolo4\"><span style=\"font-size: 11.5pt;\"><span style=\"font-size: 11.5pt;\">Nuovo sistema di connettori twist-lock affidabile per una facile installazione in qualsiasi barca o kayak\u00a0<\/span><\/span><\/li>\n<\/ul>\n<ul>\n<li class=\"ef-titolo4\"><span style=\"font-size: 11.5pt;\"><span style=\";font-size: 11.5pt;\">Slot per scheda SD per aggiornamenti software, registrazione Genesis Live e componenti aggiuntivi per la creazione di grafici.\u00a0<\/span><\/span><\/li>\n<\/ul>\n<ul>\n<li class=\"ef-titolo4\"><span style=\"font-size: 11.5pt;\">Guarda i pesci che si nascondono al riparo con la modalit\u00e0 FishReveal&amp;TRADE;<\/span><\/li>\n<li class=\"ef-titolo4\">Aumenta il contrasto e la visibilit\u00e0 con le nuovissime tavolozze di colori per l&#8217;imaging<\/li>\n<li class=\"ef-titolo4\"><span style=\"font-size: 11.5pt;\">Periodo di garanzia:<\/span><span style=\"font-size: 11.5pt;\"> 2 anni<\/span><\/li>\n<\/ul>\n<ul>\n<li class=\"ef-titolo4\"><span style=\"font-size: 11.5pt;\">Tensione di alimentazione:<\/span><span style=\"font-size: 11.5pt;\"> 12v DC (10.8-17VDC)<\/span><\/li>\n<\/ul>\n<ul>\n<li class=\"ef-titolo4\"><span style=\"font-size: 11.5pt;\">Waypoint, rotte, tracce:<\/span><span style=\"font-size: 11.5pt;\"> 3000 Waypoints 100 Routes 100 Trails<\/span><\/li>\n<li class=\"ef-titolo4\"><span style=\"font-size: 11.5pt;\"><span style=\"font-size: 11.5pt;\">Temperature operative:<\/span><\/span><span style=\"font-size: 11.5pt;\"><span style=\"font-size: 11.5pt;\"> 5\u00b0F to 131\u00b0F (-15\u00b0C to 55\u00b0C )<\/span><\/span><\/li>\n<\/ul>\n<ul>\n<li class=\"ef-titolo4\"><span style=\"font-size: 11.5pt;\"><span style=\"font-size: 11.5pt;\">Valore nominale del fusibile consigliato:<\/span><\/span><span style=\"font-size: 11.5pt;\"><span style=\"font-size: 11.5pt;\"> 5A<\/span><\/span><\/li>\n<\/ul>\n<ul>\n<li class=\"ef-titolo4\"><span style=\"font-size: 11.5pt;\"><span style=\"font-size: 11.5pt;\">Dimensioni (altezza x larghezza x profondit\u00e0)<\/span><\/span><span style=\"font-size: 11.5pt;\"><span style=\"font-size: 11.5pt;\">: 8.917&#8243; (226,5 mm) x 5.503&#8243; (139,80 mm) x 3.484&#8243; (88,5 mm incluso bracket)<\/span><\/span><\/li>\n<li class=\"ef-titolo4\"><span style=\"font-size: 11.5pt;\"><span style=\"font-size: 11.5pt;\"><span style=\"font-size: 12.0pt;\">Angoli <\/span><\/span><\/span><span style=\"font-size: 11.5pt;\"><span style=\"font-size: 11.5pt;\"><span style=\"font-size: 12.0pt;\">visuale:<\/span><\/span><\/span><span style=\"font-size: 11.5pt;\"><span style=\"font-size: 11.5pt;\"><span style=\"font-size: 11.5pt;\"> 85\u00b0 top\/bottom, 85\u00b0 left\/right \u00a0<\/span><\/span><\/span><\/li>\n<\/ul>\n<ul>\n<li class=\"ef-titolo4\"><span style=\"font-size: 11.5pt;\"><span style=\"font-size: 11.5pt;\"><span style=\"font-size: 11.5pt;\">Cartografie supportat<\/span><\/span><\/span><span style=\"font-size: 11.5pt;\"><span style=\"font-size: 11.5pt;\"><span style=\"font-size: 11.5pt;\">e: C-MAP Discover, C-MAP Genesis Live<\/span><\/span><\/span><\/li>\n<\/ul>\n<ul>\n<li class=\"ef-titolo4\"><span style=\"font-size: 11.5pt;\">luzione del display:<\/span><span style=\"font-size: 11.5pt;\"> 800 x 480<\/span><\/li>\n<\/ul>\n<ul>\n<li class=\"ef-titolo4\"><span style=\"font-size: 11.5pt;\">Cartografia inclusa:<\/span><span style=\"font-size: 11.5pt;\"> C-Map World Base Map<\/span><\/li>\n<\/ul>\n<ul>\n<li class=\"ef-titolo4\"><span style=\"font-size: 11.5pt;\">Correzione:<\/span><span style=\"font-size: 11.5pt;\"> SBAS<\/span><\/li>\n<\/ul>\n<ul>\n<li class=\"ef-titolo4\"><span style=\"font-size: 11.5pt;\">Tipo di montaggio<\/span><span style=\"font-size: 11.5pt;\">: Gimbal Bracket Front Dash Flush Mount<\/span><\/li>\n<\/ul>\n<ul>\n<li class=\"ef-titolo4\"><span style=\"font-size: 11.5pt;\">Compatibilit\u00e0 sonar:<\/span><span style=\"font-size: 11.5pt;\"> Integrated: CHIRP Broadband DownScan<\/span><\/li>\n<\/ul>\n<ul>\n<li class=\"ef-titolo4\"><span style=\"font-size: 12.0pt;\">Profondit\u00e0 massima teorica:<\/span> 200m. 50\/200kHz, 91m. DownscanChirp 455\/800 kHz<\/li>\n<\/ul>\n<ul>\n<li class=\"ef-titolo4\"><span style=\"font-size: 11.5pt;\">Livello d&#8217;impermeabilit\u00e0:<\/span><span style=\"font-size: 11.5pt;\"> IPX7 with card door closed<\/span><\/li>\n<\/ul>\n<ul>\n<li class=\"ef-titolo4\"><span style=\"font-size: 11.5pt;\">Memoria scheda SD:<\/span><span style=\"font-size: 11.5pt;\"> Micro SD Card(32 gb Max)<\/span><\/li>\n<\/ul>\n<ul>\n<li class=\"ef-titolo4\"><span style=\"font-size: 11.5pt;\">Colore retroilluminazione:<\/span><span style=\"font-size: 11.5pt;\"> Pure White LED<\/span><\/li>\n<li class=\"ef-titolo4\">Tastiera9-way directional keypad, pages, waypoint, exit, enter, zoom, menu, power<\/li>\n<li class=\"ef-titolo4\"><span style=\"font-size: 11.5pt;\">Lingue: <\/span><span style=\"font-size: 11.5pt;\">European Language Pack<\/span><\/li>\n<\/ul>\n<p class=\"ef-titolo4\">\n<p class=\"ef-titolo4\">\n<p class=\"ef-titolo4\">\n","protected":false},"excerpt":{"rendered":"<p>Eagle\u00ae \u00e8 stato sviluppato per rendere la pesca il pi\u00f9 semplice e piacevole possibile. Facile da usare e veloce da [&#8230;]<\/p>\n<p><a class=\"btn btn-secondary understrap-read-more-link\" href=\"https:\/\/www.defontemare.com\/en\/prodotto\/lowrance-eagle-7-senza-trasduttore\/\">Read More&#8230;<span class=\"screen-reader-text\"> from LOWRANCE EAGLE 7 SENZA TRASDUTTORE<\/span><\/a><\/p>\n","protected":false},"featured_media":44845,"comment_status":"open","ping_status":"closed","template":"","meta":{"_acf_changed":false,"_joinchat":[]},"product_brand":[1070],"product_cat":[500,484,501],"product_tag":[],"class_list":{"0":"post-44811","1":"product","2":"type-product","3":"status-publish","4":"has-post-thumbnail","6":"product_brand-lowrance","7":"product_cat-eco-gps","8":"product_cat-elettronica","9":"product_cat-lowrance","11":"first","12":"instock","13":"sale","14":"shipping-taxable","15":"purchasable","16":"product-type-simple"},"acf":[],"_links":{"self":[{"href":"https:\/\/www.defontemare.com\/en\/wp-json\/wp\/v2\/product\/44811","targetHints":{"allow":["GET"]}}],"collection":[{"href":"https:\/\/www.defontemare.com\/en\/wp-json\/wp\/v2\/product"}],"about":[{"href":"https:\/\/www.defontemare.com\/en\/wp-json\/wp\/v2\/types\/product"}],"replies":[{"embeddable":true,"href":"https:\/\/www.defontemare.com\/en\/wp-json\/wp\/v2\/comments?post=44811"}],"wp:featuredmedia":[{"embeddable":true,"href":"https:\/\/www.defontemare.com\/en\/wp-json\/wp\/v2\/media\/44845"}],"wp:attachment":[{"href":"https:\/\/www.defontemare.com\/en\/wp-json\/wp\/v2\/media?parent=44811"}],"wp:term":[{"taxonomy":"product_brand","embeddable":true,"href":"https:\/\/www.defontemare.com\/en\/wp-json\/wp\/v2\/product_brand?post=44811"},{"taxonomy":"product_cat","embeddable":true,"href":"https:\/\/www.defontemare.com\/en\/wp-json\/wp\/v2\/product_cat?post=44811"},{"taxonomy":"product_tag","embeddable":true,"href":"https:\/\/www.defontemare.com\/en\/wp-json\/wp\/v2\/product_tag?post=44811"}],"curies":[{"name":"wp","href":"https:\/\/api.w.org\/{rel}","templated":true}]}}