{"id":3643,"date":"2022-04-14T08:58:28","date_gmt":"2022-04-14T07:58:28","guid":{"rendered":"https:\/\/www.defontemare.com\/product\/serbatoio-hulk-lt-30-con-indicatore\/"},"modified":"2026-04-20T13:09:10","modified_gmt":"2026-04-20T12:09:10","slug":"serbatoio-hulk-lt-30-con-indicatore","status":"publish","type":"product","link":"https:\/\/www.defontemare.com\/en\/prodotto\/serbatoio-hulk-lt-30-con-indicatore\/","title":{"rendered":"SERBATOIO HULK LT.30 CON INDICATORE"},"content":{"rendered":"<p class=\"ef-titolo4\">La linea di serbatoi&nbsp; carburante portatili modello HULK per motori fuoribordo \u00e8 realizzata in&nbsp; polietilene ad alta densit\u00e0 inodore di colore arancione . La loro robusta struttura in plastica \u00e8 realizzata grazie allo stampaggio rotazionale che li rende completamente resistenti alla corrosione.&nbsp; Sono solidi e al tempo stesso leggeri e non si incrinano n\u00e9 si ammaccano. Il&nbsp; polietilene \u00e8 un materiale che non \u00e8 in grado di arrugginire e che garantisce una lunga durata nel tempo, contrariamente ai serbatoi in metallo. Tutti i serbatoi sono dotati di un&#8217;uscita \u00d8 8 mm con filtro e un tappo di sfiato con guarnizione. Modello con galleggiante<br \/>Certificati Rina.&nbsp;<\/p>\n","protected":false},"excerpt":{"rendered":"<p>La linea di serbatoi&nbsp; carburante portatili modello HULK per motori fuoribordo \u00e8 realizzata in&nbsp; polietilene ad alta densit\u00e0 inodore di [&#8230;]<\/p>\n<p><a class=\"btn btn-secondary understrap-read-more-link\" href=\"https:\/\/www.defontemare.com\/en\/prodotto\/serbatoio-hulk-lt-30-con-indicatore\/\">Read More&#8230;<span class=\"screen-reader-text\"> from SERBATOIO HULK LT.30 CON INDICATORE<\/span><\/a><\/p>\n","protected":false},"featured_media":28457,"comment_status":"open","ping_status":"closed","template":"","meta":{"_acf_changed":false,"_joinchat":[]},"product_brand":[1015],"product_cat":[52,102],"product_tag":[],"class_list":{"0":"post-3643","1":"product","2":"type-product","3":"status-publish","4":"has-post-thumbnail","6":"product_brand-nuova-rade","7":"product_cat-accessori-nautici","8":"product_cat-serbatoi-taniche-ed-accessori","10":"first","11":"instock","12":"sale","13":"shipping-taxable","14":"purchasable","15":"product-type-simple"},"acf":[],"_links":{"self":[{"href":"https:\/\/www.defontemare.com\/en\/wp-json\/wp\/v2\/product\/3643","targetHints":{"allow":["GET"]}}],"collection":[{"href":"https:\/\/www.defontemare.com\/en\/wp-json\/wp\/v2\/product"}],"about":[{"href":"https:\/\/www.defontemare.com\/en\/wp-json\/wp\/v2\/types\/product"}],"replies":[{"embeddable":true,"href":"https:\/\/www.defontemare.com\/en\/wp-json\/wp\/v2\/comments?post=3643"}],"wp:featuredmedia":[{"embeddable":true,"href":"https:\/\/www.defontemare.com\/en\/wp-json\/wp\/v2\/media\/28457"}],"wp:attachment":[{"href":"https:\/\/www.defontemare.com\/en\/wp-json\/wp\/v2\/media?parent=3643"}],"wp:term":[{"taxonomy":"product_brand","embeddable":true,"href":"https:\/\/www.defontemare.com\/en\/wp-json\/wp\/v2\/product_brand?post=3643"},{"taxonomy":"product_cat","embeddable":true,"href":"https:\/\/www.defontemare.com\/en\/wp-json\/wp\/v2\/product_cat?post=3643"},{"taxonomy":"product_tag","embeddable":true,"href":"https:\/\/www.defontemare.com\/en\/wp-json\/wp\/v2\/product_tag?post=3643"}],"curies":[{"name":"wp","href":"https:\/\/api.w.org\/{rel}","templated":true}]}}