{"id":3202,"date":"2022-04-14T08:57:28","date_gmt":"2022-04-14T07:57:28","guid":{"rendered":"https:\/\/www.defontemare.com\/product\/protettivo-gommoni-lt-05\/"},"modified":"2026-01-02T13:20:41","modified_gmt":"2026-01-02T12:20:41","slug":"protettivo-gommoni-lt-05","status":"publish","type":"product","link":"https:\/\/www.defontemare.com\/en\/prodotto\/protettivo-gommoni-lt-05\/","title":{"rendered":"PROTETTIVO GOMMONI LT. 0,5"},"content":{"rendered":"<p>Detergente energico, a base acqua, a bassa formazione di schiuma, di uso generale, su gommoni, superfici gommose telate, neopreniche, PVC.Asporta sporco, polvere, film oleosi, grasso e residui dalle superfici esterne, dai tubolari e dagli scafi in vetroresina.Un solo prodotto per risolvere tutti i problemi della pulizia quotidiana del gommone e tutti gli usi a bordo.\u00c8 di uso sicuro sulle vernici ben legate, plexiglas, tutti i metalli, acciaio e alluminio compresi.\u00c8 di veloce risciacquo e non lascia rigature, macchie o depositi sulle superfici dove \u00e8 stato applicato.<\/p>\n<p><p>&nbsp;<\/p>\n<p>Confezione da 500 ml<\/p>\n<\/p>\n<p>&nbsp;<\/p>\n","protected":false},"excerpt":{"rendered":"<p>Detergente energico, a base acqua, a bassa formazione di schiuma, di uso generale, su gommoni, superfici gommose telate, neopreniche, PVC.Asporta [&#8230;]<\/p>\n<p><a class=\"btn btn-secondary understrap-read-more-link\" href=\"https:\/\/www.defontemare.com\/en\/prodotto\/protettivo-gommoni-lt-05\/\">Read More&#8230;<span class=\"screen-reader-text\"> from PROTETTIVO GOMMONI LT. 0,5<\/span><\/a><\/p>\n","protected":false},"featured_media":19722,"comment_status":"open","ping_status":"closed","template":"","meta":{"_acf_changed":false,"_joinchat":[]},"product_brand":[1046],"product_cat":[52,577],"product_tag":[],"class_list":{"0":"post-3202","1":"product","2":"type-product","3":"status-publish","4":"has-post-thumbnail","6":"product_brand-cfg","7":"product_cat-accessori-nautici","8":"product_cat-manutenzione-della-barca-accessori-nautici","10":"first","11":"instock","12":"shipping-taxable","13":"purchasable","14":"product-type-simple"},"acf":[],"_links":{"self":[{"href":"https:\/\/www.defontemare.com\/en\/wp-json\/wp\/v2\/product\/3202","targetHints":{"allow":["GET"]}}],"collection":[{"href":"https:\/\/www.defontemare.com\/en\/wp-json\/wp\/v2\/product"}],"about":[{"href":"https:\/\/www.defontemare.com\/en\/wp-json\/wp\/v2\/types\/product"}],"replies":[{"embeddable":true,"href":"https:\/\/www.defontemare.com\/en\/wp-json\/wp\/v2\/comments?post=3202"}],"wp:featuredmedia":[{"embeddable":true,"href":"https:\/\/www.defontemare.com\/en\/wp-json\/wp\/v2\/media\/19722"}],"wp:attachment":[{"href":"https:\/\/www.defontemare.com\/en\/wp-json\/wp\/v2\/media?parent=3202"}],"wp:term":[{"taxonomy":"product_brand","embeddable":true,"href":"https:\/\/www.defontemare.com\/en\/wp-json\/wp\/v2\/product_brand?post=3202"},{"taxonomy":"product_cat","embeddable":true,"href":"https:\/\/www.defontemare.com\/en\/wp-json\/wp\/v2\/product_cat?post=3202"},{"taxonomy":"product_tag","embeddable":true,"href":"https:\/\/www.defontemare.com\/en\/wp-json\/wp\/v2\/product_tag?post=3202"}],"curies":[{"name":"wp","href":"https:\/\/api.w.org\/{rel}","templated":true}]}}