{"id":3023,"date":"2022-04-14T08:57:01","date_gmt":"2022-04-14T07:57:01","guid":{"rendered":"https:\/\/www.defontemare.com\/product\/pinne-speed-36-37-giallo\/"},"modified":"2025-08-06T17:10:18","modified_gmt":"2025-08-06T16:10:18","slug":"pinne-speed-36-37-giallo","status":"publish","type":"product","link":"https:\/\/www.defontemare.com\/en\/prodotto\/pinne-speed-36-37-giallo\/","title":{"rendered":"PINNE SPEED 36\/37 GIALLO"},"content":{"rendered":"<p>ANATOMICA: la pinna da snorkeling Seac Speed presenta una scarpetta chiusa progettata in morbida gomma termoplastica che avvolge comodamente il piede<br \/>TRIPLO POLIMERO: la pala della pinna Seac Speed \u00e8 realizzata con una combinazione di 3 materiali plastici per donare rigidit\u00e0 e flessibilit\u00e0 dove serve<br \/>LA TUA PRIMA PINNA: Seac Speed \u00e8 un&#8217;ottima pinna per iniziare con le prime esperienze di snorkeling, grazie all&#8217;attento studio di progettazione che ha permesso di realizzare una pinna entry level in grado di dare una buona risposta di spinta anche a gambe meno allenate<br \/>10 TAGLIE: le pinne da snorkeling Seac Speed sono prodotte in 10 taglie e calzano dal 26 al 47; sono quindi un&#8217;ottima scelta come pinne per bambini, per donna e per uomo.<br \/>QUALIT\u00c0 Seac: la qualit\u00e0 delle pinne da snorkeling Seac Speed \u00e8 garantita da Seacsub S.p.A., punto di riferimento nel settore della subacquea in Italia dal 1971<\/p>\n<p>Lo snorkeling \u00e8 pi\u00f9 divertente con le pinne Seac Speed! Le pinne a scarpetta chiusa Seac Speed sono state progettate per dare una buona risposta di spinta anche ai neofiti con gambe poco allenate alla pinneggiata: poco sforzo, tanta resa e uscite di snorkeling pi\u00f9 lunghe. Le pinne da snorkeling Seac Speed sono disponibili in 5 colori e in ben 10 taglie per calzare dal numero 26 al 47 e fare contenti adulti e bambini. Le pinne Seac Speed si calzano a piede nudo. Per i pi\u00f9 freddolosi si consiglia l&#8217;abbinamento alle calze in neoprene Seac Standard HD da 2,5 mm&nbsp;<\/p>\n","protected":false},"excerpt":{"rendered":"<p>ANATOMICA: la pinna da snorkeling Seac Speed presenta una scarpetta chiusa progettata in morbida gomma termoplastica che avvolge comodamente il [&#8230;]<\/p>\n<p><a class=\"btn btn-secondary understrap-read-more-link\" href=\"https:\/\/www.defontemare.com\/en\/prodotto\/pinne-speed-36-37-giallo\/\">Read More&#8230;<span class=\"screen-reader-text\"> from PINNE SPEED 36\/37 GIALLO<\/span><\/a><\/p>\n","protected":false},"featured_media":14295,"comment_status":"open","ping_status":"closed","template":"","meta":{"_acf_changed":false,"_joinchat":[]},"product_brand":[],"product_cat":[317,58],"product_tag":[],"class_list":{"0":"post-3023","1":"product","2":"type-product","3":"status-publish","4":"has-post-thumbnail","6":"product_cat-pinne","7":"product_cat-subacquea","9":"first","10":"instock","11":"shipping-taxable","12":"purchasable","13":"product-type-simple"},"acf":[],"_links":{"self":[{"href":"https:\/\/www.defontemare.com\/en\/wp-json\/wp\/v2\/product\/3023","targetHints":{"allow":["GET"]}}],"collection":[{"href":"https:\/\/www.defontemare.com\/en\/wp-json\/wp\/v2\/product"}],"about":[{"href":"https:\/\/www.defontemare.com\/en\/wp-json\/wp\/v2\/types\/product"}],"replies":[{"embeddable":true,"href":"https:\/\/www.defontemare.com\/en\/wp-json\/wp\/v2\/comments?post=3023"}],"wp:featuredmedia":[{"embeddable":true,"href":"https:\/\/www.defontemare.com\/en\/wp-json\/wp\/v2\/media\/14295"}],"wp:attachment":[{"href":"https:\/\/www.defontemare.com\/en\/wp-json\/wp\/v2\/media?parent=3023"}],"wp:term":[{"taxonomy":"product_brand","embeddable":true,"href":"https:\/\/www.defontemare.com\/en\/wp-json\/wp\/v2\/product_brand?post=3023"},{"taxonomy":"product_cat","embeddable":true,"href":"https:\/\/www.defontemare.com\/en\/wp-json\/wp\/v2\/product_cat?post=3023"},{"taxonomy":"product_tag","embeddable":true,"href":"https:\/\/www.defontemare.com\/en\/wp-json\/wp\/v2\/product_tag?post=3023"}],"curies":[{"name":"wp","href":"https:\/\/api.w.org\/{rel}","templated":true}]}}