{"id":27630,"date":"2026-04-20T13:08:30","date_gmt":"2026-04-20T12:08:30","guid":{"rendered":"https:\/\/www.defontemare.com\/prodotto\/mulinello-elettrico-fishing-ferrari-kaygen-500\/"},"modified":"2026-04-20T18:00:39","modified_gmt":"2026-04-20T17:00:39","slug":"mulinello-elettrico-fishing-ferrari-kaygen-500","status":"publish","type":"product","link":"https:\/\/www.defontemare.com\/en\/prodotto\/mulinello-elettrico-fishing-ferrari-kaygen-500\/","title":{"rendered":"MULINELLO ELETTRICO FISHING FERRARI KAYGEN 500"},"content":{"rendered":"<p>KGN 500 S \u00e8 un mulinello che pu\u00f2 essere azionato in pesca con una sola mano grazie ai doppi comandi con regolazione simultanea della velocit\u00e0 e blocco\/sblocco bobina.<\/p>\n<p class=\"ef-titolo4\">\n<p class=\"ef-titolo4\">Caratteristiche:<\/p>\n<\/p>\n<p class=\"ef-titolo4\">Scocca in alluminio anodizzato<\/p>\n<p class=\"ef-titolo4\">Bobina in alluminio anodizzato<\/p>\n<p class=\"ef-titolo4\">Frizione a 5 dischi in carbonio<\/p>\n<p class=\"ef-titolo4\">Regolatore di velocit\u00e0<\/p>\n<p class=\"ef-titolo4\">Settaggio digitale della profondit\u00e0<\/p>\n<p class=\"ef-titolo4\">Conta-metri digitale (misurazione in metri)<\/p>\n<p class=\"ef-titolo4\">Funzione jigging semiautomatica<\/p>\n<p class=\"ef-titolo4\">Programmazione specifiche&nbsp;filo<\/p>\n<p class=\"ef-titolo4\">Massima potenza di recupero 45kg &#8211; 180m\/min (spunto iniziale)<\/p>\n<p class=\"ef-titolo4\">Funzione anti-surriscaldamento<\/p>\n<p class=\"ef-titolo4\">Motore all&#8217;esterno della bobina per un miglior rilascio del filo<\/p>\n<p class=\"ef-titolo4\">6 cuscinetti a sfera sigillati in acciaio inox<\/p>\n<p class=\"ef-titolo4\">Shock protector incluso!<\/p>\n<p class=\"ef-titolo4\">&nbsp;<\/p>\n<p class=\"ef-titolo4\">Il cavetto in dotazione protegge dagli sbalzi di corrente preservando la vita del mulinello.<\/p>\n<p class=\"ef-titolo4\">Si consiglia di usare batterie da 12V con amperaggio da 7A a 12A massimo.<\/p>\n","protected":false},"excerpt":{"rendered":"<p>KGN 500 S \u00e8 un mulinello che pu\u00f2 essere azionato in pesca con una sola mano grazie ai doppi comandi [&#8230;]<\/p>\n<p><a class=\"btn btn-secondary understrap-read-more-link\" href=\"https:\/\/www.defontemare.com\/en\/prodotto\/mulinello-elettrico-fishing-ferrari-kaygen-500\/\">Read More&#8230;<span class=\"screen-reader-text\"> from MULINELLO ELETTRICO FISHING FERRARI KAYGEN 500<\/span><\/a><\/p>\n","protected":false},"featured_media":27735,"comment_status":"open","ping_status":"closed","template":"","meta":{"_acf_changed":false,"_joinchat":[]},"product_brand":[1018],"product_cat":[531,405,530],"product_tag":[],"class_list":{"0":"post-27630","1":"product","2":"type-product","3":"status-publish","4":"has-post-thumbnail","6":"product_brand-fishing-ferrari","7":"product_cat-elettrici","8":"product_cat-mulinelli","9":"product_cat-rotanti","11":"first","12":"instock","13":"sale","14":"shipping-taxable","15":"purchasable","16":"product-type-simple"},"acf":[],"_links":{"self":[{"href":"https:\/\/www.defontemare.com\/en\/wp-json\/wp\/v2\/product\/27630","targetHints":{"allow":["GET"]}}],"collection":[{"href":"https:\/\/www.defontemare.com\/en\/wp-json\/wp\/v2\/product"}],"about":[{"href":"https:\/\/www.defontemare.com\/en\/wp-json\/wp\/v2\/types\/product"}],"replies":[{"embeddable":true,"href":"https:\/\/www.defontemare.com\/en\/wp-json\/wp\/v2\/comments?post=27630"}],"wp:featuredmedia":[{"embeddable":true,"href":"https:\/\/www.defontemare.com\/en\/wp-json\/wp\/v2\/media\/27735"}],"wp:attachment":[{"href":"https:\/\/www.defontemare.com\/en\/wp-json\/wp\/v2\/media?parent=27630"}],"wp:term":[{"taxonomy":"product_brand","embeddable":true,"href":"https:\/\/www.defontemare.com\/en\/wp-json\/wp\/v2\/product_brand?post=27630"},{"taxonomy":"product_cat","embeddable":true,"href":"https:\/\/www.defontemare.com\/en\/wp-json\/wp\/v2\/product_cat?post=27630"},{"taxonomy":"product_tag","embeddable":true,"href":"https:\/\/www.defontemare.com\/en\/wp-json\/wp\/v2\/product_tag?post=27630"}],"curies":[{"name":"wp","href":"https:\/\/api.w.org\/{rel}","templated":true}]}}