{"id":24456,"date":"2026-01-04T09:40:31","date_gmt":"2026-01-04T08:40:31","guid":{"rendered":"https:\/\/www.defontemare.com\/prodotto\/maschera-capri-blu\/"},"modified":"2026-04-20T13:08:23","modified_gmt":"2026-04-20T12:08:23","slug":"maschera-capri-blu","status":"publish","type":"product","link":"https:\/\/www.defontemare.com\/en\/prodotto\/maschera-capri-blu\/","title":{"rendered":"MASCHERA CAPRI BLU"},"content":{"rendered":"<p class=\"ef-titolo4\">La maschera da snorkeling Seac Capri \u00e8 la perfetta compagna di avventure subacquee al mare<br \/>Campo visivo a due lenti simmetriche in policarbonato anti urto<br \/>Il cinghiolo ultra resistente presenta un&#8217;ampia banda sulla nuca per tenere la maschera subacquea ben ferma sulla testa e sul viso<br \/>Facile e veloce da regolare grazie alle fibbie a pressione poste ai lati della maschera<br \/>Facciale in morbidissimo silicone ipoallergenico<\/p>\n<p>Seac Capri \u00e8 la maschera da snorkeling per adulti perfetta da portare sempre con te in spiaggia. Seac Capri ha uno stile molto sobrio ed \u00e8 perfetta sia per uomo sia per donna. Presenta due lenti simmetriche anti urto in policarbonato. Il cinghiolo presenta un&#8217;ampia banda dietro la nuca per tenere la maschera ben ferma. La maschera da snorkeling Seac Capri \u00e8 facile da indossare e veloce da regolare grazie alle pratiche fibbie con pulsante. Seac Capri \u00e8 disponibile in 2 versioni: Seac Capri con facciale in morbido silicone ipoallergenico trasparente o nero, e Seac Capri SLT, con facciale in speciale polimero SLT di altissima qualit\u00e0. Per i pi\u00f9 giovani e gli adulti con viso pi\u00f9 piccolo, Seac offre anche Ischia MD (MD = Medium) con dimensioni ridotte.&nbsp;<\/p>\n","protected":false},"excerpt":{"rendered":"<p>La maschera da snorkeling Seac Capri \u00e8 la perfetta compagna di avventure subacquee al mareCampo visivo a due lenti simmetriche [&#8230;]<\/p>\n<p><a class=\"btn btn-secondary understrap-read-more-link\" href=\"https:\/\/www.defontemare.com\/en\/prodotto\/maschera-capri-blu\/\">Read More&#8230;<span class=\"screen-reader-text\"> from MASCHERA CAPRI BLU<\/span><\/a><\/p>\n","protected":false},"featured_media":27308,"comment_status":"open","ping_status":"closed","template":"","meta":{"_acf_changed":false,"_joinchat":[]},"product_brand":[1028],"product_cat":[79,58],"product_tag":[],"class_list":{"0":"post-24456","1":"product","2":"type-product","3":"status-publish","4":"has-post-thumbnail","6":"product_brand-seacsub","7":"product_cat-maschere","8":"product_cat-subacquea","10":"first","11":"instock","12":"sale","13":"shipping-taxable","14":"purchasable","15":"product-type-simple"},"acf":[],"_links":{"self":[{"href":"https:\/\/www.defontemare.com\/en\/wp-json\/wp\/v2\/product\/24456","targetHints":{"allow":["GET"]}}],"collection":[{"href":"https:\/\/www.defontemare.com\/en\/wp-json\/wp\/v2\/product"}],"about":[{"href":"https:\/\/www.defontemare.com\/en\/wp-json\/wp\/v2\/types\/product"}],"replies":[{"embeddable":true,"href":"https:\/\/www.defontemare.com\/en\/wp-json\/wp\/v2\/comments?post=24456"}],"wp:featuredmedia":[{"embeddable":true,"href":"https:\/\/www.defontemare.com\/en\/wp-json\/wp\/v2\/media\/27308"}],"wp:attachment":[{"href":"https:\/\/www.defontemare.com\/en\/wp-json\/wp\/v2\/media?parent=24456"}],"wp:term":[{"taxonomy":"product_brand","embeddable":true,"href":"https:\/\/www.defontemare.com\/en\/wp-json\/wp\/v2\/product_brand?post=24456"},{"taxonomy":"product_cat","embeddable":true,"href":"https:\/\/www.defontemare.com\/en\/wp-json\/wp\/v2\/product_cat?post=24456"},{"taxonomy":"product_tag","embeddable":true,"href":"https:\/\/www.defontemare.com\/en\/wp-json\/wp\/v2\/product_tag?post=24456"}],"curies":[{"name":"wp","href":"https:\/\/api.w.org\/{rel}","templated":true}]}}