{"id":2427,"date":"2022-04-14T08:55:43","date_gmt":"2022-04-14T07:55:43","guid":{"rendered":"https:\/\/www.defontemare.com\/product\/maschera-elba-silicone-rosa-rosa\/"},"modified":"2025-12-31T14:01:31","modified_gmt":"2025-12-31T13:01:31","slug":"maschera-elba-silicone-rosa-rosa","status":"publish","type":"product","link":"https:\/\/www.defontemare.com\/en\/prodotto\/maschera-elba-silicone-rosa-rosa\/","title":{"rendered":"MASCHERA ELBA SILICONE ROSA ROSA"},"content":{"rendered":"<p class=\"ef-titolo4\">&#8211; MULTI USO: Seac Elba \u00e8 una maschera subacquea che si presta a pi\u00f9 attivit\u00e0, dallo snorkeling all&#8217;immersione ricreativa, fino alla pesca in apnea<br \/>&#8211; RISPETTA LA PELLE: il facciale anatomico della maschera \u00e8 creato in silicone ipoallergenico, in versione trasparente, colorato e nero<br \/>&#8211; PRATICA E RESISTENTE: telaio in policarbonato, lenti simmetriche in vetro temperato, cinghiolo resistente e facile da regolare grazie alla pratica fibbia<br \/>&#8211; SCOPRI COSA C&#8217;\u00c8 &#8220;SOTTO&#8221;: Seac Elba \u00e8 una perfetta maschera anche per chi \u00e8 alle prime esperienze di immersione subacquea e di snorkeling<br \/>&#8211; QUALIT\u00c0 Seac: la qualit\u00e0 della maschera da sub Seac Elba \u00e8 garantita da Seacsub S.p.A., punto di riferimento nel settore della subacquea in Italia dal 1971<\/p>\n<p>&nbsp; &nbsp; La maschera subacquea Seac Elba \u00e8 una bilente in vetro temperato, realizzata in&nbsp; &nbsp; morbido silicone trasparente ipoallergenico di alta qualit\u00e0. La struttura \u00e8 in resistente&nbsp; &nbsp; policarbonato. Una pratica fibbia consente con facilit\u00e0 la perfetta regolazione&nbsp; &nbsp; della maschera sul viso. Sia i principianti sia chi pratica lo snorkeling da pi\u00f9&nbsp; &nbsp; tempo apprezzeranno il comfort e la semplicit\u00e0 di utilizzo della maschera Seac Elba..&nbsp; &nbsp; Seac Elba \u00e8 disponibile in 11 versioni: 4 in silicone trasparente, 5 in silicone&nbsp; &nbsp; colorato (azzurro, giallo, rosa, verde e rosso) e 2 in silicone nero (queste rendono&nbsp; &nbsp; la maschera ideale anche per la pesca in apnea).&nbsp;<\/p>\n","protected":false},"excerpt":{"rendered":"<p>&#8211; MULTI USO: Seac Elba \u00e8 una maschera subacquea che si presta a pi\u00f9 attivit\u00e0, dallo snorkeling all&#8217;immersione ricreativa, fino [&#8230;]<\/p>\n<p><a class=\"btn btn-secondary understrap-read-more-link\" href=\"https:\/\/www.defontemare.com\/en\/prodotto\/maschera-elba-silicone-rosa-rosa\/\">Read More&#8230;<span class=\"screen-reader-text\"> from MASCHERA ELBA SILICONE ROSA ROSA<\/span><\/a><\/p>\n","protected":false},"featured_media":13401,"comment_status":"open","ping_status":"closed","template":"","meta":{"_acf_changed":false,"_joinchat":[]},"product_brand":[],"product_cat":[79,58],"product_tag":[],"class_list":{"0":"post-2427","1":"product","2":"type-product","3":"status-publish","4":"has-post-thumbnail","6":"product_cat-maschere","7":"product_cat-subacquea","9":"first","10":"instock","11":"shipping-taxable","12":"purchasable","13":"product-type-simple"},"acf":[],"_links":{"self":[{"href":"https:\/\/www.defontemare.com\/en\/wp-json\/wp\/v2\/product\/2427","targetHints":{"allow":["GET"]}}],"collection":[{"href":"https:\/\/www.defontemare.com\/en\/wp-json\/wp\/v2\/product"}],"about":[{"href":"https:\/\/www.defontemare.com\/en\/wp-json\/wp\/v2\/types\/product"}],"replies":[{"embeddable":true,"href":"https:\/\/www.defontemare.com\/en\/wp-json\/wp\/v2\/comments?post=2427"}],"wp:featuredmedia":[{"embeddable":true,"href":"https:\/\/www.defontemare.com\/en\/wp-json\/wp\/v2\/media\/13401"}],"wp:attachment":[{"href":"https:\/\/www.defontemare.com\/en\/wp-json\/wp\/v2\/media?parent=2427"}],"wp:term":[{"taxonomy":"product_brand","embeddable":true,"href":"https:\/\/www.defontemare.com\/en\/wp-json\/wp\/v2\/product_brand?post=2427"},{"taxonomy":"product_cat","embeddable":true,"href":"https:\/\/www.defontemare.com\/en\/wp-json\/wp\/v2\/product_cat?post=2427"},{"taxonomy":"product_tag","embeddable":true,"href":"https:\/\/www.defontemare.com\/en\/wp-json\/wp\/v2\/product_tag?post=2427"}],"curies":[{"name":"wp","href":"https:\/\/api.w.org\/{rel}","templated":true}]}}