{"id":2415,"date":"2022-04-14T08:55:41","date_gmt":"2022-04-14T07:55:41","guid":{"rendered":"https:\/\/www.defontemare.com\/product\/maschera-capri-md-blu-siltra\/"},"modified":"2026-04-20T13:08:23","modified_gmt":"2026-04-20T12:08:23","slug":"maschera-capri-md-blu-siltra","status":"publish","type":"product","link":"https:\/\/www.defontemare.com\/en\/prodotto\/maschera-capri-md-blu-siltra\/","title":{"rendered":"MASCHERA CAPRI MD BLU SILTRA"},"content":{"rendered":"<p class=\"ef-titolo4\">Maschera da snorkeling per adulti con facciale e cinghiolo dai colori brillanti per distinguersi in ogni occasione (anche al mare)<br \/>Seac Capri colore \u00e8 stata creata per durare nel tempo: frame ultra resistente con doppie lenti simmetriche in vetro temperato anti urto<br \/>Ultra confortevole da indossare: morbido facciale in materiale ipoallergenico senza ftalati<br \/>La maschera subacquea Seac Capri colore si regola velocemente grazie alla pratica fibbia con doppio bottone su entrambi i lati<br \/>Disponibile nei colori rosa e Azzurro e perfetta come maschera da snorkeling per donna e uomo<\/p>\n<p>Sfoggia i colori brillanti della maschera da snorkeling Seac Capria. Due lenti simmetriche in vetro temperato, struttura ultra resistente e facciale ipoallergenico colorato per mostrare il tuo stile unico anche sott&#8217;acqua. La maschera subacquea Seac Capri \u00e8 molto comoda e facile da regolare, grazie alle fibbie a doppio bottone poste su entrambi i lati. Il cinghiolo \u00e8 molto resistente e in tinta con il facciale. Seac Capri \u00e8 realizzata per essere indossata anche dalle pelli pi\u00f9 sensibili.&nbsp; Per i pi\u00f9 giovani e gli adulti con viso pi\u00f9 piccolo, Seac offre anche Ischia MD (MD = Medium) con dimensioni ridotte.<\/p>\n","protected":false},"excerpt":{"rendered":"<p>Maschera da snorkeling per adulti con facciale e cinghiolo dai colori brillanti per distinguersi in ogni occasione (anche al mare)Seac [&#8230;]<\/p>\n<p><a class=\"btn btn-secondary understrap-read-more-link\" href=\"https:\/\/www.defontemare.com\/en\/prodotto\/maschera-capri-md-blu-siltra\/\">Read More&#8230;<span class=\"screen-reader-text\"> from MASCHERA CAPRI MD BLU SILTRA<\/span><\/a><\/p>\n","protected":false},"featured_media":27312,"comment_status":"open","ping_status":"closed","template":"","meta":{"_acf_changed":false,"_joinchat":[]},"product_brand":[1028],"product_cat":[79,58],"product_tag":[],"class_list":{"0":"post-2415","1":"product","2":"type-product","3":"status-publish","4":"has-post-thumbnail","6":"product_brand-seacsub","7":"product_cat-maschere","8":"product_cat-subacquea","10":"first","11":"instock","12":"sale","13":"shipping-taxable","14":"purchasable","15":"product-type-simple"},"acf":[],"_links":{"self":[{"href":"https:\/\/www.defontemare.com\/en\/wp-json\/wp\/v2\/product\/2415","targetHints":{"allow":["GET"]}}],"collection":[{"href":"https:\/\/www.defontemare.com\/en\/wp-json\/wp\/v2\/product"}],"about":[{"href":"https:\/\/www.defontemare.com\/en\/wp-json\/wp\/v2\/types\/product"}],"replies":[{"embeddable":true,"href":"https:\/\/www.defontemare.com\/en\/wp-json\/wp\/v2\/comments?post=2415"}],"wp:featuredmedia":[{"embeddable":true,"href":"https:\/\/www.defontemare.com\/en\/wp-json\/wp\/v2\/media\/27312"}],"wp:attachment":[{"href":"https:\/\/www.defontemare.com\/en\/wp-json\/wp\/v2\/media?parent=2415"}],"wp:term":[{"taxonomy":"product_brand","embeddable":true,"href":"https:\/\/www.defontemare.com\/en\/wp-json\/wp\/v2\/product_brand?post=2415"},{"taxonomy":"product_cat","embeddable":true,"href":"https:\/\/www.defontemare.com\/en\/wp-json\/wp\/v2\/product_cat?post=2415"},{"taxonomy":"product_tag","embeddable":true,"href":"https:\/\/www.defontemare.com\/en\/wp-json\/wp\/v2\/product_tag?post=2415"}],"curies":[{"name":"wp","href":"https:\/\/api.w.org\/{rel}","templated":true}]}}