{"id":22654,"date":"2024-03-26T13:03:54","date_gmt":"2024-03-26T12:03:54","guid":{"rendered":"https:\/\/www.defontemare.com\/prodotto\/ondulanti-toby-60-gr-col-sunset\/"},"modified":"2024-03-26T13:03:54","modified_gmt":"2024-03-26T12:03:54","slug":"ondulanti-toby-60-gr-col-sunset","status":"publish","type":"product","link":"https:\/\/www.defontemare.com\/en\/prodotto\/ondulanti-toby-60-gr-col-sunset\/","title":{"rendered":"ONDULANTI TOBY 60 GR. COL. SUNSET"},"content":{"rendered":"<p class=\"ef-titolo4\">Toby ha visto la luce nel lontano 1956 ed \u00e8 una delle esche pi\u00f9 vendute al mondo. Ha avuto cos\u00ec tanto successoe fascino, che per lungo tempo \u00e8 stato parte del logo ABU. Oggi la gamma Toby va da 7g fino a 60g.<\/p>\n<p>&nbsp;<\/p>\n<p class=\"ef-titolo4\">\u2022 Ancorette n. 1<\/p>\n<p class=\"ef-titolo4\">\u2022 Lunghezza mm. 90<\/p>\n<p class=\"ef-titolo4\">\u2022 Peso gr. 115<\/p>\n<p class=\"ef-titolo4\">\u2022 Colore Sunset<\/p>\n<p class=\"ef-titolo4\">\u2022 Azione attraente<\/p>\n<p class=\"ef-titolo4\">\u2022 Irresistibile per tutti i predatori<\/p>\n<p class=\"ef-titolo4\">\u2022 Perfetto per acqua dolce e salata<\/p>\n","protected":false},"excerpt":{"rendered":"<p>Toby ha visto la luce nel lontano 1956 ed \u00e8 una delle esche pi\u00f9 vendute al mondo. Ha avuto cos\u00ec [&#8230;]<\/p>\n<p><a class=\"btn btn-secondary understrap-read-more-link\" href=\"https:\/\/www.defontemare.com\/en\/prodotto\/ondulanti-toby-60-gr-col-sunset\/\">Read More&#8230;<span class=\"screen-reader-text\"> from ONDULANTI TOBY 60 GR. COL. SUNSET<\/span><\/a><\/p>\n","protected":false},"featured_media":22657,"comment_status":"open","ping_status":"closed","template":"","meta":{"_acf_changed":false,"_joinchat":[]},"product_brand":[],"product_cat":[35,118],"product_tag":[],"class_list":{"0":"post-22654","1":"product","2":"type-product","3":"status-publish","4":"has-post-thumbnail","6":"product_cat-artificiali","7":"product_cat-cucchiaini","9":"first","10":"instock","11":"shipping-taxable","12":"purchasable","13":"product-type-simple"},"acf":[],"_links":{"self":[{"href":"https:\/\/www.defontemare.com\/en\/wp-json\/wp\/v2\/product\/22654","targetHints":{"allow":["GET"]}}],"collection":[{"href":"https:\/\/www.defontemare.com\/en\/wp-json\/wp\/v2\/product"}],"about":[{"href":"https:\/\/www.defontemare.com\/en\/wp-json\/wp\/v2\/types\/product"}],"replies":[{"embeddable":true,"href":"https:\/\/www.defontemare.com\/en\/wp-json\/wp\/v2\/comments?post=22654"}],"wp:featuredmedia":[{"embeddable":true,"href":"https:\/\/www.defontemare.com\/en\/wp-json\/wp\/v2\/media\/22657"}],"wp:attachment":[{"href":"https:\/\/www.defontemare.com\/en\/wp-json\/wp\/v2\/media?parent=22654"}],"wp:term":[{"taxonomy":"product_brand","embeddable":true,"href":"https:\/\/www.defontemare.com\/en\/wp-json\/wp\/v2\/product_brand?post=22654"},{"taxonomy":"product_cat","embeddable":true,"href":"https:\/\/www.defontemare.com\/en\/wp-json\/wp\/v2\/product_cat?post=22654"},{"taxonomy":"product_tag","embeddable":true,"href":"https:\/\/www.defontemare.com\/en\/wp-json\/wp\/v2\/product_tag?post=22654"}],"curies":[{"name":"wp","href":"https:\/\/api.w.org\/{rel}","templated":true}]}}