{"id":1979,"date":"2022-04-14T08:54:45","date_gmt":"2022-04-14T07:54:45","guid":{"rendered":"https:\/\/www.defontemare.com\/product\/grasso-alte-prestazione-tubo-ml-125\/"},"modified":"2026-04-20T11:29:21","modified_gmt":"2026-04-20T10:29:21","slug":"grasso-alte-prestazione-tubo-ml-125","status":"publish","type":"product","link":"https:\/\/www.defontemare.com\/en\/prodotto\/grasso-alte-prestazione-tubo-ml-125\/","title":{"rendered":"GRASSO ALTE PRESTAZIONE &#8211; TUBO ML. 125"},"content":{"rendered":"<p class=\"ef-titolo3\">  Grasso di alta qualit\u00e0 per cuscinetti operanti ad alte e basse velocit\u00e0 e\/o alti  carichi. Consente di prolungare gli intervallitra le lubrificazioni.<\/p>\n<p class=\"ef-titolo3\">  &#8226; Di qualit\u00e0 superiore, polivalente, a base di idrossido di litio.&#8226;  Ottima resistenza all&#8217;ossidazione, all&#8217;umidit\u00e0, alla corrosione, agli altissimi  carichi (EP), alle alte velocit\u00e0, alla lunga permanenza a temperature elevate.&#8226;  Supera le prestazioni di ogni tipo di grasso al calcio, al sodio, a base mista,  all&#8217;alluminio etc.&#8226; Consigliato per veicoli e macchinario industriale, ed\u00ecle,  stradale anche nelle pi\u00f9 severe condizioni di esercizio; per cuscinetti piani o  a rotolamento a sfere o rulli, dinamo, pompe acqua, motori elettrici, rulli di supporto  cingoli, in presenza di velocit\u00e0 elevate, altissimi carichi, acqua o alte temperature.<\/p>\n","protected":false},"excerpt":{"rendered":"<p>Grasso di alta qualit\u00e0 per cuscinetti operanti ad alte e basse velocit\u00e0 e\/o alti carichi. Consente di prolungare gli intervallitra [&#8230;]<\/p>\n<p><a class=\"btn btn-secondary understrap-read-more-link\" href=\"https:\/\/www.defontemare.com\/en\/prodotto\/grasso-alte-prestazione-tubo-ml-125\/\">Read More&#8230;<span class=\"screen-reader-text\"> from GRASSO ALTE PRESTAZIONE &#8211; TUBO ML. 125<\/span><\/a><\/p>\n","protected":false},"featured_media":26848,"comment_status":"open","ping_status":"closed","template":"","meta":{"_acf_changed":false,"_joinchat":[]},"product_brand":[1046],"product_cat":[262,261],"product_tag":[],"class_list":{"0":"post-1979","1":"product","2":"type-product","3":"status-publish","4":"has-post-thumbnail","6":"product_brand-cfg","7":"product_cat-grassi","8":"product_cat-lubrificanti-e-grassi","10":"first","11":"instock","12":"sale","13":"shipping-taxable","14":"purchasable","15":"product-type-simple"},"acf":[],"_links":{"self":[{"href":"https:\/\/www.defontemare.com\/en\/wp-json\/wp\/v2\/product\/1979","targetHints":{"allow":["GET"]}}],"collection":[{"href":"https:\/\/www.defontemare.com\/en\/wp-json\/wp\/v2\/product"}],"about":[{"href":"https:\/\/www.defontemare.com\/en\/wp-json\/wp\/v2\/types\/product"}],"replies":[{"embeddable":true,"href":"https:\/\/www.defontemare.com\/en\/wp-json\/wp\/v2\/comments?post=1979"}],"wp:featuredmedia":[{"embeddable":true,"href":"https:\/\/www.defontemare.com\/en\/wp-json\/wp\/v2\/media\/26848"}],"wp:attachment":[{"href":"https:\/\/www.defontemare.com\/en\/wp-json\/wp\/v2\/media?parent=1979"}],"wp:term":[{"taxonomy":"product_brand","embeddable":true,"href":"https:\/\/www.defontemare.com\/en\/wp-json\/wp\/v2\/product_brand?post=1979"},{"taxonomy":"product_cat","embeddable":true,"href":"https:\/\/www.defontemare.com\/en\/wp-json\/wp\/v2\/product_cat?post=1979"},{"taxonomy":"product_tag","embeddable":true,"href":"https:\/\/www.defontemare.com\/en\/wp-json\/wp\/v2\/product_tag?post=1979"}],"curies":[{"name":"wp","href":"https:\/\/api.w.org\/{rel}","templated":true}]}}