{"id":16790,"date":"2022-12-14T20:02:53","date_gmt":"2022-12-14T19:02:53","guid":{"rendered":"https:\/\/www.defontemare.com\/prodotto\/mutino-lungo-relax-uomo-22-mm-tg-xxl\/"},"modified":"2026-04-20T13:08:32","modified_gmt":"2026-04-20T12:08:32","slug":"mutino-lungo-relax-uomo-22-mm-tg-xxl","status":"publish","type":"product","link":"https:\/\/www.defontemare.com\/en\/prodotto\/mutino-lungo-relax-uomo-22-mm-tg-xxl\/","title":{"rendered":"MUTINO LUNGO RELAX UOMO 2,2 mm  TG. XXL"},"content":{"rendered":"<p class=\"ef-titolo4\">PENSATA PER LO SPORT | Seac Relax Long \u00e8 la muta monopezzo in neoprene ultra elastico da 2,2 mm ideale per praticare sport acquatici in tutta sicurezza e comfort. Perfetta per lo snorkeling, le immersioni subacquee in acque calde, il surf e altre attivit\u00e0.<br \/>LEGGERA E CONFORTEVOLE | Seac Relax Long \u00e8 una muta lunga monopezzo molto facile da indossare, grazie alla pratica cerniera posteriore a laccio lungo. Il taglio preformato e l&#8217;elasticit\u00e0 del neoprene facilitano i movimenti.<br \/>ITALIAN DESIGN | Seac Relax Long presenta molti dettagli che fanno la differenza in una muta multisport, come cuciture piatte, ginocchiere rinforzate con stampe in poliuretano e colletto morbido con chiusura regolabile in Velcro.<br \/>Seac RELAX PER TUTTI | Seac Relax Long \u00e8 disponibile sia per donna sia per uomo in numerose taglie. Chi cerca una muta monopezzo corta pu\u00f2 optare per la Seac Relax Short<\/p>\n<p>Seac Relax Long \u00e8 la muta lunga multisport ideale per attivit\u00e0 acquatiche come immersioni in acque tropicali, snorkeling, surf, nuoto, kayak&#8230; Seac Relax Long \u00e8 realizzata in morbido neoprene da 2,2 mm ultra elastico e ultra comodo. Il suo design protegge il corpo senza costringerne i movimenti. Il colletto \u00e8 regolabile grazie alla pratica chiusura in Velcro. Le ginocchiere sono rinforzate con protezioni stampate in poliuretano. Seac Relax Long \u00e8 disponibile in diverse taglie sia per donna sia per uomo. Chi cerca un mutino shorty monopezzo pu\u00f2 optare per Seac Relax Short, con maniche e pantaloncini corti, sempre disponibile nelle linee donna e uomo.&nbsp;<\/p>\n","protected":false},"excerpt":{"rendered":"<p>PENSATA PER LO SPORT | Seac Relax Long \u00e8 la muta monopezzo in neoprene ultra elastico da 2,2 mm ideale [&#8230;]<\/p>\n<p><a class=\"btn btn-secondary understrap-read-more-link\" href=\"https:\/\/www.defontemare.com\/en\/prodotto\/mutino-lungo-relax-uomo-22-mm-tg-xxl\/\">Read More&#8230;<span class=\"screen-reader-text\"> from MUTINO LUNGO RELAX UOMO 2,2 mm  TG. XXL<\/span><\/a><\/p>\n","protected":false},"featured_media":27484,"comment_status":"open","ping_status":"closed","template":"","meta":{"_acf_changed":false,"_joinchat":[]},"product_brand":[],"product_cat":[177,58],"product_tag":[],"class_list":{"0":"post-16790","1":"product","2":"type-product","3":"status-publish","4":"has-post-thumbnail","6":"product_cat-mute","7":"product_cat-subacquea","9":"first","10":"instock","11":"sale","12":"shipping-taxable","13":"purchasable","14":"product-type-simple"},"acf":[],"_links":{"self":[{"href":"https:\/\/www.defontemare.com\/en\/wp-json\/wp\/v2\/product\/16790","targetHints":{"allow":["GET"]}}],"collection":[{"href":"https:\/\/www.defontemare.com\/en\/wp-json\/wp\/v2\/product"}],"about":[{"href":"https:\/\/www.defontemare.com\/en\/wp-json\/wp\/v2\/types\/product"}],"replies":[{"embeddable":true,"href":"https:\/\/www.defontemare.com\/en\/wp-json\/wp\/v2\/comments?post=16790"}],"wp:featuredmedia":[{"embeddable":true,"href":"https:\/\/www.defontemare.com\/en\/wp-json\/wp\/v2\/media\/27484"}],"wp:attachment":[{"href":"https:\/\/www.defontemare.com\/en\/wp-json\/wp\/v2\/media?parent=16790"}],"wp:term":[{"taxonomy":"product_brand","embeddable":true,"href":"https:\/\/www.defontemare.com\/en\/wp-json\/wp\/v2\/product_brand?post=16790"},{"taxonomy":"product_cat","embeddable":true,"href":"https:\/\/www.defontemare.com\/en\/wp-json\/wp\/v2\/product_cat?post=16790"},{"taxonomy":"product_tag","embeddable":true,"href":"https:\/\/www.defontemare.com\/en\/wp-json\/wp\/v2\/product_tag?post=16790"}],"curies":[{"name":"wp","href":"https:\/\/api.w.org\/{rel}","templated":true}]}}